{"id":32,"date":"2019-09-19T19:21:06","date_gmt":"2019-09-19T19:21:06","guid":{"rendered":"https:\/\/euterpe.vision\/?page_id=32"},"modified":"2023-12-28T19:32:20","modified_gmt":"2023-12-28T17:32:20","slug":"%cf%84%ce%b1-%ce%bd%ce%ad%ce%b1-%ce%bc%ce%b1%cf%82","status":"publish","type":"page","link":"https:\/\/euterpe.vision\/en\/%cf%84%ce%b1-%ce%bd%ce%ad%ce%b1-%ce%bc%ce%b1%cf%82\/","title":{"rendered":"News"},"content":{"rendered":"<div data-elementor-type=\"wp-page\" data-elementor-id=\"32\" class=\"elementor elementor-32\" data-elementor-settings=\"{&quot;ha_cmc_init_switcher&quot;:&quot;no&quot;}\" data-elementor-post-type=\"page\">\n\t\t\t\t<div class=\"elementor-element elementor-element-e188133 e-flex e-con-boxed e-con e-parent\" data-id=\"e188133\" data-element_type=\"container\" data-e-type=\"container\" data-settings=\"{&quot;_ha_eqh_enable&quot;:false}\">\n\t\t\t\t\t<div class=\"e-con-inner\">\n\t\t<div class=\"elementor-element elementor-element-75685b1 e-con-full e-flex e-con e-child\" data-id=\"75685b1\" data-element_type=\"container\" data-e-type=\"container\" data-settings=\"{&quot;_ha_eqh_enable&quot;:false}\">\n\t\t\t\t<div class=\"elementor-element elementor-element-aabdba7 elementor-posts--align-center elementor-grid-3 elementor-grid-tablet-2 elementor-grid-mobile-1 elementor-posts--thumbnail-top elementor-widget elementor-widget-posts\" data-id=\"aabdba7\" data-element_type=\"widget\" data-e-type=\"widget\" data-settings=\"{&quot;pagination_type&quot;:&quot;numbers&quot;,&quot;classic_columns&quot;:&quot;3&quot;,&quot;classic_columns_tablet&quot;:&quot;2&quot;,&quot;classic_columns_mobile&quot;:&quot;1&quot;,&quot;classic_row_gap&quot;:{&quot;unit&quot;:&quot;px&quot;,&quot;size&quot;:35,&quot;sizes&quot;:[]},&quot;classic_row_gap_tablet&quot;:{&quot;unit&quot;:&quot;px&quot;,&quot;size&quot;:&quot;&quot;,&quot;sizes&quot;:[]},&quot;classic_row_gap_mobile&quot;:{&quot;unit&quot;:&quot;px&quot;,&quot;size&quot;:&quot;&quot;,&quot;sizes&quot;:[]}}\" data-widget_type=\"posts.classic\">\n\t\t\t\t<div class=\"elementor-widget-container\">\n\t\t\t\t\t\t\t<div class=\"elementor-posts-container elementor-posts elementor-posts--skin-classic elementor-grid\" role=\"list\">\n\t\t\t\t<article class=\"elementor-post elementor-grid-item post-691 post type-post status-publish format-standard has-post-thumbnail hentry category-9\" role=\"listitem\">\n\t\t\t\t<a class=\"elementor-post__thumbnail__link\" href=\"https:\/\/euterpe.vision\/en\/ancient-greek-aulos\/\" tabindex=\"-1\" >\n\t\t\t<div class=\"elementor-post__thumbnail\"><img fetchpriority=\"high\" decoding=\"async\" width=\"800\" height=\"450\" src=\"https:\/\/euterpe.vision\/wp-content\/uploads\/2021\/05\/\u03a3\u03c5\u03bd\u03ad\u03bd\u03c4\u03b5\u03c5\u03be\u03b7-\u03b3\u03b9\u03b1-\u03c4\u03bf\u03bd-\u03b1\u03c1\u03c7\u03b1\u03af\u03bf-\u03b5\u03bb\u03bb\u03b7\u03bd\u03b9\u03ba\u03cc-\u03b1\u03c5\u03bb\u03cc-1024x576.png\" class=\"attachment-large size-large wp-image-695\" alt=\"\" title=\"\" srcset=\"https:\/\/euterpe.vision\/wp-content\/uploads\/2021\/05\/\u03a3\u03c5\u03bd\u03ad\u03bd\u03c4\u03b5\u03c5\u03be\u03b7-\u03b3\u03b9\u03b1-\u03c4\u03bf\u03bd-\u03b1\u03c1\u03c7\u03b1\u03af\u03bf-\u03b5\u03bb\u03bb\u03b7\u03bd\u03b9\u03ba\u03cc-\u03b1\u03c5\u03bb\u03cc-1024x576.png 1024w, https:\/\/euterpe.vision\/wp-content\/uploads\/2021\/05\/\u03a3\u03c5\u03bd\u03ad\u03bd\u03c4\u03b5\u03c5\u03be\u03b7-\u03b3\u03b9\u03b1-\u03c4\u03bf\u03bd-\u03b1\u03c1\u03c7\u03b1\u03af\u03bf-\u03b5\u03bb\u03bb\u03b7\u03bd\u03b9\u03ba\u03cc-\u03b1\u03c5\u03bb\u03cc-300x169.png 300w, https:\/\/euterpe.vision\/wp-content\/uploads\/2021\/05\/\u03a3\u03c5\u03bd\u03ad\u03bd\u03c4\u03b5\u03c5\u03be\u03b7-\u03b3\u03b9\u03b1-\u03c4\u03bf\u03bd-\u03b1\u03c1\u03c7\u03b1\u03af\u03bf-\u03b5\u03bb\u03bb\u03b7\u03bd\u03b9\u03ba\u03cc-\u03b1\u03c5\u03bb\u03cc-768x432.png 768w, https:\/\/euterpe.vision\/wp-content\/uploads\/2021\/05\/\u03a3\u03c5\u03bd\u03ad\u03bd\u03c4\u03b5\u03c5\u03be\u03b7-\u03b3\u03b9\u03b1-\u03c4\u03bf\u03bd-\u03b1\u03c1\u03c7\u03b1\u03af\u03bf-\u03b5\u03bb\u03bb\u03b7\u03bd\u03b9\u03ba\u03cc-\u03b1\u03c5\u03bb\u03cc-1536x864.png 1536w, https:\/\/euterpe.vision\/wp-content\/uploads\/2021\/05\/\u03a3\u03c5\u03bd\u03ad\u03bd\u03c4\u03b5\u03c5\u03be\u03b7-\u03b3\u03b9\u03b1-\u03c4\u03bf\u03bd-\u03b1\u03c1\u03c7\u03b1\u03af\u03bf-\u03b5\u03bb\u03bb\u03b7\u03bd\u03b9\u03ba\u03cc-\u03b1\u03c5\u03bb\u03cc-16x9.png 16w, https:\/\/euterpe.vision\/wp-content\/uploads\/2021\/05\/\u03a3\u03c5\u03bd\u03ad\u03bd\u03c4\u03b5\u03c5\u03be\u03b7-\u03b3\u03b9\u03b1-\u03c4\u03bf\u03bd-\u03b1\u03c1\u03c7\u03b1\u03af\u03bf-\u03b5\u03bb\u03bb\u03b7\u03bd\u03b9\u03ba\u03cc-\u03b1\u03c5\u03bb\u03cc-20x11.png 20w, https:\/\/euterpe.vision\/wp-content\/uploads\/2021\/05\/\u03a3\u03c5\u03bd\u03ad\u03bd\u03c4\u03b5\u03c5\u03be\u03b7-\u03b3\u03b9\u03b1-\u03c4\u03bf\u03bd-\u03b1\u03c1\u03c7\u03b1\u03af\u03bf-\u03b5\u03bb\u03bb\u03b7\u03bd\u03b9\u03ba\u03cc-\u03b1\u03c5\u03bb\u03cc.png 1600w\" sizes=\"(max-width: 800px) 100vw, 800px\" \/><\/div>\n\t\t<\/a>\n\t\t\t\t<div class=\"elementor-post__text\">\n\t\t\t\t<h3 class=\"elementor-post__title\">\n\t\t\t<a href=\"https:\/\/euterpe.vision\/en\/ancient-greek-aulos\/\" >\n\t\t\t\tAn Interview about the Ancient Greek Aulos\t\t\t<\/a>\n\t\t<\/h3>\n\t\t\n\t\t<a class=\"elementor-post__read-more\" href=\"https:\/\/euterpe.vision\/en\/ancient-greek-aulos\/\" aria-label=\"Read more about \u03a3\u03c5\u03bd\u03ad\u03bd\u03c4\u03b5\u03c5\u03be\u03b7 \u03b3\u03b9\u03b1 \u03c4\u03bf\u03bd \u0391\u03c1\u03c7\u03b1\u03af\u03bf \u0395\u03bb\u03bb\u03b7\u03bd\u03b9\u03ba\u03cc \u0391\u03c5\u03bb\u03cc\" tabindex=\"-1\" >\n\t\t\tRead More \u00bb\t\t<\/a>\n\n\t\t\t\t<\/div>\n\t\t\t\t<\/article>\n\t\t\t\t<article class=\"elementor-post elementor-grid-item post-311 post type-post status-publish format-standard has-post-thumbnail hentry category-9\" role=\"listitem\">\n\t\t\t\t<a class=\"elementor-post__thumbnail__link\" href=\"https:\/\/euterpe.vision\/en\/%ce%b5%ce%bb%ce%bb%ce%ae%ce%bd%cf%89%ce%bd-%ce%b4%cf%81%cf%8e%ce%bc%ce%b5%ce%bd%ce%b1-%ce%bd%ce%ad%ce%b5%cf%82-%ce%b1%cf%81%cf%87%ce%b1%ce%af%ce%b5%cf%82-%ce%bc%ce%bf%cf%85%cf%83%ce%b9%ce%ba%ce%ad\/\" tabindex=\"-1\" >\n\t\t\t<div class=\"elementor-post__thumbnail\"><img decoding=\"async\" width=\"800\" height=\"450\" src=\"https:\/\/euterpe.vision\/wp-content\/uploads\/2021\/02\/\u03a3\u03c4\u03b9\u03b3\u03bc\u03b9\u03cc\u03c4\u03c5\u03c0\u03bf-\u03bf\u03b8\u03cc\u03bd\u03b7\u03c2-70-1024x576.png\" class=\"attachment-large size-large wp-image-322\" alt=\"\u039c\u03bf\u03c5\u03c3\u03b9\u03ba\u03ae \u03ba\u03b1\u03b9 \u038c\u03c1\u03c7\u03b7\u03c3\u03b7\" title=\"\" srcset=\"https:\/\/euterpe.vision\/wp-content\/uploads\/2021\/02\/\u03a3\u03c4\u03b9\u03b3\u03bc\u03b9\u03cc\u03c4\u03c5\u03c0\u03bf-\u03bf\u03b8\u03cc\u03bd\u03b7\u03c2-70-1024x576.png 1024w, https:\/\/euterpe.vision\/wp-content\/uploads\/2021\/02\/\u03a3\u03c4\u03b9\u03b3\u03bc\u03b9\u03cc\u03c4\u03c5\u03c0\u03bf-\u03bf\u03b8\u03cc\u03bd\u03b7\u03c2-70-300x169.png 300w, https:\/\/euterpe.vision\/wp-content\/uploads\/2021\/02\/\u03a3\u03c4\u03b9\u03b3\u03bc\u03b9\u03cc\u03c4\u03c5\u03c0\u03bf-\u03bf\u03b8\u03cc\u03bd\u03b7\u03c2-70-768x432.png 768w, https:\/\/euterpe.vision\/wp-content\/uploads\/2021\/02\/\u03a3\u03c4\u03b9\u03b3\u03bc\u03b9\u03cc\u03c4\u03c5\u03c0\u03bf-\u03bf\u03b8\u03cc\u03bd\u03b7\u03c2-70-1536x864.png 1536w, https:\/\/euterpe.vision\/wp-content\/uploads\/2021\/02\/\u03a3\u03c4\u03b9\u03b3\u03bc\u03b9\u03cc\u03c4\u03c5\u03c0\u03bf-\u03bf\u03b8\u03cc\u03bd\u03b7\u03c2-70-16x9.png 16w, https:\/\/euterpe.vision\/wp-content\/uploads\/2021\/02\/\u03a3\u03c4\u03b9\u03b3\u03bc\u03b9\u03cc\u03c4\u03c5\u03c0\u03bf-\u03bf\u03b8\u03cc\u03bd\u03b7\u03c2-70-20x11.png 20w, https:\/\/euterpe.vision\/wp-content\/uploads\/2021\/02\/\u03a3\u03c4\u03b9\u03b3\u03bc\u03b9\u03cc\u03c4\u03c5\u03c0\u03bf-\u03bf\u03b8\u03cc\u03bd\u03b7\u03c2-70.png 1600w\" sizes=\"(max-width: 800px) 100vw, 800px\" \/><\/div>\n\t\t<\/a>\n\t\t\t\t<div class=\"elementor-post__text\">\n\t\t\t\t<h3 class=\"elementor-post__title\">\n\t\t\t<a href=\"https:\/\/euterpe.vision\/en\/%ce%b5%ce%bb%ce%bb%ce%ae%ce%bd%cf%89%ce%bd-%ce%b4%cf%81%cf%8e%ce%bc%ce%b5%ce%bd%ce%b1-%ce%bd%ce%ad%ce%b5%cf%82-%ce%b1%cf%81%cf%87%ce%b1%ce%af%ce%b5%cf%82-%ce%bc%ce%bf%cf%85%cf%83%ce%b9%ce%ba%ce%ad\/\" >\n\t\t\t\tHell\u0113n\u014dn Dr\u014dmena - New Ancient Music\t\t\t<\/a>\n\t\t<\/h3>\n\t\t\n\t\t<a class=\"elementor-post__read-more\" href=\"https:\/\/euterpe.vision\/en\/%ce%b5%ce%bb%ce%bb%ce%ae%ce%bd%cf%89%ce%bd-%ce%b4%cf%81%cf%8e%ce%bc%ce%b5%ce%bd%ce%b1-%ce%bd%ce%ad%ce%b5%cf%82-%ce%b1%cf%81%cf%87%ce%b1%ce%af%ce%b5%cf%82-%ce%bc%ce%bf%cf%85%cf%83%ce%b9%ce%ba%ce%ad\/\" aria-label=\"Read more about \u0395\u03bb\u03bb\u03ae\u03bd\u03c9\u03bd \u0394\u03c1\u03ce\u03bc\u03b5\u03bd\u03b1 ~ \u039d\u03ad\u03b5\u03c2 \u0391\u03c1\u03c7\u03b1\u03af\u03b5\u03c2 \u039c\u03bf\u03c5\u03c3\u03b9\u03ba\u03ad\u03c2\" tabindex=\"-1\" >\n\t\t\tRead More \u00bb\t\t<\/a>\n\n\t\t\t\t<\/div>\n\t\t\t\t<\/article>\n\t\t\t\t<article class=\"elementor-post elementor-grid-item post-261 post type-post status-publish format-standard has-post-thumbnail hentry category-9\" role=\"listitem\">\n\t\t\t\t<a class=\"elementor-post__thumbnail__link\" href=\"https:\/\/euterpe.vision\/en\/%ce%b8%ce%b5%cf%81%ce%bc%ce%bf%cf%80%cf%8d%ce%bb%ce%b5%cf%82-%cf%83%ce%b1%ce%bb%ce%b1%ce%bc%ce%af%ce%bd%ce%b1-2500-%ce%ad%cf%84%ce%b7\/\" tabindex=\"-1\" >\n\t\t\t<div class=\"elementor-post__thumbnail\"><img decoding=\"async\" width=\"800\" height=\"533\" src=\"https:\/\/euterpe.vision\/wp-content\/uploads\/2020\/08\/116685419_735581183901925_1440976257648065616_n-1024x682.jpg\" class=\"attachment-large size-large wp-image-264\" alt=\"\u0398\u03b5\u03c1\u03bc\u03bf\u03c0\u03cd\u03bb\u03b5\u03c2 \u2013 \u03a3\u03b1\u03bb\u03b1\u03bc\u03af\u03bd\u03b1 2500 \u03ad\u03c4\u03b7\" title=\"\" srcset=\"https:\/\/euterpe.vision\/wp-content\/uploads\/2020\/08\/116685419_735581183901925_1440976257648065616_n-1024x682.jpg 1024w, https:\/\/euterpe.vision\/wp-content\/uploads\/2020\/08\/116685419_735581183901925_1440976257648065616_n-300x200.jpg 300w, https:\/\/euterpe.vision\/wp-content\/uploads\/2020\/08\/116685419_735581183901925_1440976257648065616_n-768x511.jpg 768w, https:\/\/euterpe.vision\/wp-content\/uploads\/2020\/08\/116685419_735581183901925_1440976257648065616_n-1536x1022.jpg 1536w, https:\/\/euterpe.vision\/wp-content\/uploads\/2020\/08\/116685419_735581183901925_1440976257648065616_n-16x12.jpg 16w, https:\/\/euterpe.vision\/wp-content\/uploads\/2020\/08\/116685419_735581183901925_1440976257648065616_n-20x13.jpg 20w, https:\/\/euterpe.vision\/wp-content\/uploads\/2020\/08\/116685419_735581183901925_1440976257648065616_n.jpg 1920w\" sizes=\"(max-width: 800px) 100vw, 800px\" \/><\/div>\n\t\t<\/a>\n\t\t\t\t<div class=\"elementor-post__text\">\n\t\t\t\t<h3 class=\"elementor-post__title\">\n\t\t\t<a href=\"https:\/\/euterpe.vision\/en\/%ce%b8%ce%b5%cf%81%ce%bc%ce%bf%cf%80%cf%8d%ce%bb%ce%b5%cf%82-%cf%83%ce%b1%ce%bb%ce%b1%ce%bc%ce%af%ce%bd%ce%b1-2500-%ce%ad%cf%84%ce%b7\/\" >\n\t\t\t\tThermopylae \u2013 Salamis 2500 years anniversary\t\t\t<\/a>\n\t\t<\/h3>\n\t\t\n\t\t<a class=\"elementor-post__read-more\" href=\"https:\/\/euterpe.vision\/en\/%ce%b8%ce%b5%cf%81%ce%bc%ce%bf%cf%80%cf%8d%ce%bb%ce%b5%cf%82-%cf%83%ce%b1%ce%bb%ce%b1%ce%bc%ce%af%ce%bd%ce%b1-2500-%ce%ad%cf%84%ce%b7\/\" aria-label=\"Read more about \u0398\u03b5\u03c1\u03bc\u03bf\u03c0\u03cd\u03bb\u03b5\u03c2 \u2013 \u03a3\u03b1\u03bb\u03b1\u03bc\u03af\u03bd\u03b1 2500 \u03ad\u03c4\u03b7\" tabindex=\"-1\" >\n\t\t\tRead More \u00bb\t\t<\/a>\n\n\t\t\t\t<\/div>\n\t\t\t\t<\/article>\n\t\t\t\t<article class=\"elementor-post elementor-grid-item post-257 post type-post status-publish format-standard has-post-thumbnail hentry category-uncategorized category-9\" role=\"listitem\">\n\t\t\t\t<a class=\"elementor-post__thumbnail__link\" href=\"https:\/\/euterpe.vision\/en\/%ce%b1%ce%bb%ce%ba%ce%b1%ce%b9%ce%bf%cf%83-%ce%b4%ce%b9%ce%bf%cf%83%ce%ba%ce%bf%cf%85%cf%81%ce%bf%ce%b9\/\" tabindex=\"-1\" >\n\t\t\t<div class=\"elementor-post__thumbnail\"><img loading=\"lazy\" decoding=\"async\" width=\"577\" height=\"300\" src=\"https:\/\/euterpe.vision\/wp-content\/uploads\/2019\/09\/logonly500.png\" class=\"attachment-large size-large wp-image-44\" alt=\"\u039c\u03bf\u03c5\u03c3\u03b9\u03ba\u03ae \u03bf\u03bc\u03ac\u03b4\u03b1 \u0395\u03c5\u03c4\u03ad\u03c1\u03c0\u03b7\" title=\"\" srcset=\"https:\/\/euterpe.vision\/wp-content\/uploads\/2019\/09\/logonly500.png 577w, https:\/\/euterpe.vision\/wp-content\/uploads\/2019\/09\/logonly500-300x156.png 300w, https:\/\/euterpe.vision\/wp-content\/uploads\/2019\/09\/logonly500-16x8.png 16w, https:\/\/euterpe.vision\/wp-content\/uploads\/2019\/09\/logonly500-20x10.png 20w\" sizes=\"(max-width: 577px) 100vw, 577px\" \/><\/div>\n\t\t<\/a>\n\t\t\t\t<div class=\"elementor-post__text\">\n\t\t\t\t<h3 class=\"elementor-post__title\">\n\t\t\t<a href=\"https:\/\/euterpe.vision\/en\/%ce%b1%ce%bb%ce%ba%ce%b1%ce%b9%ce%bf%cf%83-%ce%b4%ce%b9%ce%bf%cf%83%ce%ba%ce%bf%cf%85%cf%81%ce%bf%ce%b9\/\" >\n\t\t\t\tAlcaeus -  Dioscuri\t\t\t<\/a>\n\t\t<\/h3>\n\t\t\n\t\t<a class=\"elementor-post__read-more\" href=\"https:\/\/euterpe.vision\/en\/%ce%b1%ce%bb%ce%ba%ce%b1%ce%b9%ce%bf%cf%83-%ce%b4%ce%b9%ce%bf%cf%83%ce%ba%ce%bf%cf%85%cf%81%ce%bf%ce%b9\/\" aria-label=\"Read more about \u0391\u039b\u039a\u0391\u0399\u039f\u03a3 ~ \u0394\u0399\u039f\u03a3\u039a\u039f\u03a5\u03a1\u039f\u0399\" tabindex=\"-1\" >\n\t\t\tRead More \u00bb\t\t<\/a>\n\n\t\t\t\t<\/div>\n\t\t\t\t<\/article>\n\t\t\t\t<article class=\"elementor-post elementor-grid-item post-244 post type-post status-publish format-standard has-post-thumbnail hentry category-9\" role=\"listitem\">\n\t\t\t\t<a class=\"elementor-post__thumbnail__link\" href=\"https:\/\/euterpe.vision\/en\/%ce%b1%cf%86%ce%b9%ce%ad%cf%81%cf%89%ce%bc%ce%b1-%cf%83%cf%84%ce%bf%ce%bd-%ce%b3%ce%b9%cf%8e%cf%81%ce%b3%ce%bf-%ce%bc%ce%b1%ce%bd%ce%b9%ce%ac%cf%84%ce%b7\/\" tabindex=\"-1\" >\n\t\t\t<div class=\"elementor-post__thumbnail\"><img loading=\"lazy\" decoding=\"async\" width=\"368\" height=\"338\" src=\"https:\/\/euterpe.vision\/wp-content\/uploads\/2020\/02\/maniatis.jpeg\" class=\"attachment-large size-large wp-image-246\" alt=\"\u0391\u03c6\u03b9\u03ad\u03c1\u03c9\u03bc\u03b1 \u03c3\u03c4\u03bf\u03bd \u0393\u03b9\u03ce\u03c1\u03b3\u03bf \u039c\u03b1\u03bd\u03b9\u03ac\u03c4\u03b7\" title=\"\" srcset=\"https:\/\/euterpe.vision\/wp-content\/uploads\/2020\/02\/maniatis.jpeg 368w, https:\/\/euterpe.vision\/wp-content\/uploads\/2020\/02\/maniatis-300x276.jpeg 300w, https:\/\/euterpe.vision\/wp-content\/uploads\/2020\/02\/maniatis-13x12.jpeg 13w, https:\/\/euterpe.vision\/wp-content\/uploads\/2020\/02\/maniatis-20x18.jpeg 20w\" sizes=\"(max-width: 368px) 100vw, 368px\" \/><\/div>\n\t\t<\/a>\n\t\t\t\t<div class=\"elementor-post__text\">\n\t\t\t\t<h3 class=\"elementor-post__title\">\n\t\t\t<a href=\"https:\/\/euterpe.vision\/en\/%ce%b1%cf%86%ce%b9%ce%ad%cf%81%cf%89%ce%bc%ce%b1-%cf%83%cf%84%ce%bf%ce%bd-%ce%b3%ce%b9%cf%8e%cf%81%ce%b3%ce%bf-%ce%bc%ce%b1%ce%bd%ce%b9%ce%ac%cf%84%ce%b7\/\" >\n\t\t\t\tDedication to George Maniatis\t\t\t<\/a>\n\t\t<\/h3>\n\t\t\n\t\t<a class=\"elementor-post__read-more\" href=\"https:\/\/euterpe.vision\/en\/%ce%b1%cf%86%ce%b9%ce%ad%cf%81%cf%89%ce%bc%ce%b1-%cf%83%cf%84%ce%bf%ce%bd-%ce%b3%ce%b9%cf%8e%cf%81%ce%b3%ce%bf-%ce%bc%ce%b1%ce%bd%ce%b9%ce%ac%cf%84%ce%b7\/\" aria-label=\"Read more about \u0391\u03c6\u03b9\u03ad\u03c1\u03c9\u03bc\u03b1 \u03c3\u03c4\u03bf\u03bd \u0393\u03b9\u03ce\u03c1\u03b3\u03bf \u039c\u03b1\u03bd\u03b9\u03ac\u03c4\u03b7\" tabindex=\"-1\" >\n\t\t\tRead More \u00bb\t\t<\/a>\n\n\t\t\t\t<\/div>\n\t\t\t\t<\/article>\n\t\t\t\t<\/div>\n\t\t\n\t\t\t\t\t\t<\/div>\n\t\t\t\t<\/div>\n\t\t\t\t<\/div>\n\t\t\t\t\t<\/div>\n\t\t\t\t<\/div>\n\t\t\t\t<\/div>","protected":false},"excerpt":{"rendered":"","protected":false},"author":1,"featured_media":0,"parent":0,"menu_order":0,"comment_status":"closed","ping_status":"closed","template":"","meta":{"footnotes":""},"class_list":["post-32","page","type-page","status-publish","hentry"],"_links":{"self":[{"href":"https:\/\/euterpe.vision\/en\/wp-json\/wp\/v2\/pages\/32","targetHints":{"allow":["GET"]}}],"collection":[{"href":"https:\/\/euterpe.vision\/en\/wp-json\/wp\/v2\/pages"}],"about":[{"href":"https:\/\/euterpe.vision\/en\/wp-json\/wp\/v2\/types\/page"}],"author":[{"embeddable":true,"href":"https:\/\/euterpe.vision\/en\/wp-json\/wp\/v2\/users\/1"}],"replies":[{"embeddable":true,"href":"https:\/\/euterpe.vision\/en\/wp-json\/wp\/v2\/comments?post=32"}],"version-history":[{"count":7,"href":"https:\/\/euterpe.vision\/en\/wp-json\/wp\/v2\/pages\/32\/revisions"}],"predecessor-version":[{"id":977,"href":"https:\/\/euterpe.vision\/en\/wp-json\/wp\/v2\/pages\/32\/revisions\/977"}],"wp:attachment":[{"href":"https:\/\/euterpe.vision\/en\/wp-json\/wp\/v2\/media?parent=32"}],"curies":[{"name":"wp","href":"https:\/\/api.w.org\/{rel}","templated":true}]}}